{"id":14,"date":"2020-11-13T15:04:27","date_gmt":"2020-11-13T15:04:27","guid":{"rendered":"https:\/\/sohram.com\/kurum\/?page_id=14"},"modified":"2020-11-13T15:23:06","modified_gmt":"2020-11-13T15:23:06","slug":"accueil","status":"publish","type":"page","link":"https:\/\/sohram.com\/kurum\/","title":{"rendered":"Biz"},"content":{"rendered":"\n<p><strong>Merkezimizin temel amac\u0131 her t\u00fcrl\u00fc \u015fiddetten ( i\u015fkence, sava\u015f, i\u00e7 kar\u0131\u015f\u0131kl\u0131k, sosyal\u00a0 \u00e7alkant\u0131, aile i\u00e7i \u015fiddet ve taciz\u2026 Vs.)  etkilenmi\u015f ki\u015filere sosyal\u00a0 yard\u0131m, e\u011fitim deste\u011fi, hukuksal destek, psikolojik ve fiziksel rehabilitasyon hizmeti\u00a0 vermektir.\u00a0<\/strong><\/p>\n\n\n\n<p><strong>Kurumumuzun temel ilkesi her t\u00fcrl\u00fc politik yap\u0131lanmadan ba\u011f\u0131ms\u0131z olmas\u0131d\u0131r. Merkezimizin temel amac\u0131 m\u00fctevaz\u0131 \u00e7al\u0131\u015fmalarla insan olma erdemine ula\u015fmakt\u0131r.<\/strong><\/p>\n","protected":false},"excerpt":{"rendered":"<p>Merkezimizin temel amac\u0131 her t\u00fcrl\u00fc \u015fiddetten ( i\u015fkence, sava\u015f, i\u00e7 kar\u0131\u015f\u0131kl\u0131k, sosyal\u00a0 \u00e7alkant\u0131, aile i\u00e7i \u015fiddet ve taciz\u2026 Vs.) etkilenmi\u015f ki\u015filere sosyal\u00a0 yard\u0131m, e\u011fitim deste\u011fi, hukuksal destek, psikolojik ve fiziksel rehabilitasyon hizmeti\u00a0 vermektir.\u00a0 Kurumumuzun temel ilkesi her t\u00fcrl\u00fc politik yap\u0131lanmadan ba\u011f\u0131ms\u0131z olmas\u0131d\u0131r. Merkezimizin temel amac\u0131 m\u00fctevaz\u0131 \u00e7al\u0131\u015fmalarla insan olma erdemine ula\u015fmakt\u0131r.<\/p>\n","protected":false},"author":1,"featured_media":0,"parent":0,"menu_order":0,"comment_status":"closed","ping_status":"closed","template":"","meta":[],"_links":{"self":[{"href":"https:\/\/sohram.com\/kurum\/wp-json\/wp\/v2\/pages\/14"}],"collection":[{"href":"https:\/\/sohram.com\/kurum\/wp-json\/wp\/v2\/pages"}],"about":[{"href":"https:\/\/sohram.com\/kurum\/wp-json\/wp\/v2\/types\/page"}],"author":[{"embeddable":true,"href":"https:\/\/sohram.com\/kurum\/wp-json\/wp\/v2\/users\/1"}],"replies":[{"embeddable":true,"href":"https:\/\/sohram.com\/kurum\/wp-json\/wp\/v2\/comments?post=14"}],"version-history":[{"count":3,"href":"https:\/\/sohram.com\/kurum\/wp-json\/wp\/v2\/pages\/14\/revisions"}],"predecessor-version":[{"id":40,"href":"https:\/\/sohram.com\/kurum\/wp-json\/wp\/v2\/pages\/14\/revisions\/40"}],"wp:attachment":[{"href":"https:\/\/sohram.com\/kurum\/wp-json\/wp\/v2\/media?parent=14"}],"curies":[{"name":"wp","href":"https:\/\/api.w.org\/{rel}","templated":true}]}}